{"id":11215,"date":"2023-07-16T12:20:16","date_gmt":"2023-07-16T18:20:16","guid":{"rendered":"https:\/\/globalbeautyandhealth.com\/?post_type=product&#038;p=11215"},"modified":"2023-11-12T04:25:50","modified_gmt":"2023-11-12T04:25:50","slug":"labios","status":"publish","type":"product","link":"https:\/\/revitari.com\/en\/product\/labios\/","title":{"rendered":"Lips"},"content":{"rendered":"<p>Relleno facial de \u00e1cido hialur\u00f3nico con lidoca\u00edna con resultados instant\u00e1neos, indicado para la definici\u00f3n y vol\u00famen de labios. Logrando unos labios perfectos de manera segura y confiable.<\/p>","protected":false},"excerpt":{"rendered":"<p>Hyaluronic acid with lidocaine.<\/p>","protected":false},"featured_media":11969,"template":"","meta":{"_EventAllDay":false,"_EventTimezone":"","_EventStartDate":"","_EventEndDate":"","_EventStartDateUTC":"","_EventEndDateUTC":"","_EventShowMap":false,"_EventShowMapLink":false,"_EventURL":"","_EventCost":"","_EventCostDescription":"","_EventCurrencySymbol":"","_EventCurrencyCode":"","_EventCurrencyPosition":"","_EventDateTimeSeparator":"","_EventTimeRangeSeparator":"","_EventOrganizerID":[],"_EventVenueID":[],"_OrganizerEmail":"","_OrganizerPhone":"","_OrganizerWebsite":"","_VenueAddress":"","_VenueCity":"","_VenueCountry":"","_VenueProvince":"","_VenueState":"","_VenueZip":"","_VenuePhone":"","_VenueURL":"","_VenueStateProvince":"","_VenueLat":"","_VenueLng":"","_VenueShowMap":false,"_VenueShowMapLink":false,"_joinchat":[]},"product_brand":[],"product_cat":[186],"product_tag":[205,244,188,189],"class_list":{"0":"post-11215","1":"product","2":"type-product","3":"status-publish","4":"has-post-thumbnail","6":"product_cat-acido-hialuronico","7":"product_tag-definicion","8":"product_tag-labios","9":"product_tag-relleno","10":"product_tag-volumen","12":"first","13":"instock","14":"featured","15":"shipping-taxable","16":"product-type-simple"},"yoast_head":"<!-- This site is optimized with the Yoast SEO plugin v27.4 - https:\/\/yoast.com\/product\/yoast-seo-wordpress\/ -->\n<title>Labios | Revitari<\/title>\n<meta name=\"robots\" content=\"index, follow, max-snippet:-1, max-image-preview:large, max-video-preview:-1\" \/>\n<link rel=\"canonical\" href=\"https:\/\/revitari.com\/en\/product\/labios\/\" \/>\n<meta property=\"og:locale\" content=\"en_US\" \/>\n<meta property=\"og:type\" content=\"article\" \/>\n<meta property=\"og:title\" content=\"Labios | Revitari\" \/>\n<meta property=\"og:description\" content=\"\u00c1cido hialur\u00f3nico con lidoca\u00edna.\" \/>\n<meta property=\"og:url\" content=\"https:\/\/revitari.com\/en\/product\/labios\/\" \/>\n<meta property=\"og:site_name\" content=\"Revitari\" \/>\n<meta property=\"article:publisher\" content=\"https:\/\/www.facebook.com\/revitari.mx\/\" \/>\n<meta property=\"article:modified_time\" content=\"2023-11-12T04:25:50+00:00\" \/>\n<meta property=\"og:image\" content=\"https:\/\/revitari.com\/wp-content\/uploads\/2023\/07\/RevitariLabios-768x932-1.jpg\" \/>\n\t<meta property=\"og:image:width\" content=\"768\" \/>\n\t<meta property=\"og:image:height\" content=\"932\" \/>\n\t<meta property=\"og:image:type\" content=\"image\/jpeg\" \/>\n<meta name=\"twitter:card\" content=\"summary_large_image\" \/>\n<script type=\"application\/ld+json\" class=\"yoast-schema-graph\">{\"@context\":\"https:\\\/\\\/schema.org\",\"@graph\":[{\"@type\":\"WebPage\",\"@id\":\"https:\\\/\\\/revitari.com\\\/product\\\/labios\\\/\",\"url\":\"https:\\\/\\\/revitari.com\\\/product\\\/labios\\\/\",\"name\":\"Labios | Revitari\",\"isPartOf\":{\"@id\":\"https:\\\/\\\/revitari.com\\\/#website\"},\"primaryImageOfPage\":{\"@id\":\"https:\\\/\\\/revitari.com\\\/product\\\/labios\\\/#primaryimage\"},\"image\":{\"@id\":\"https:\\\/\\\/revitari.com\\\/product\\\/labios\\\/#primaryimage\"},\"thumbnailUrl\":\"https:\\\/\\\/revitari.com\\\/wp-content\\\/uploads\\\/2023\\\/07\\\/RevitariLabios-768x932-1.jpg\",\"datePublished\":\"2023-07-16T18:20:16+00:00\",\"dateModified\":\"2023-11-12T04:25:50+00:00\",\"breadcrumb\":{\"@id\":\"https:\\\/\\\/revitari.com\\\/product\\\/labios\\\/#breadcrumb\"},\"inLanguage\":\"en-US\",\"potentialAction\":[{\"@type\":\"ReadAction\",\"target\":[\"https:\\\/\\\/revitari.com\\\/product\\\/labios\\\/\"]}]},{\"@type\":\"ImageObject\",\"inLanguage\":\"en-US\",\"@id\":\"https:\\\/\\\/revitari.com\\\/product\\\/labios\\\/#primaryimage\",\"url\":\"https:\\\/\\\/revitari.com\\\/wp-content\\\/uploads\\\/2023\\\/07\\\/RevitariLabios-768x932-1.jpg\",\"contentUrl\":\"https:\\\/\\\/revitari.com\\\/wp-content\\\/uploads\\\/2023\\\/07\\\/RevitariLabios-768x932-1.jpg\",\"width\":768,\"height\":932},{\"@type\":\"BreadcrumbList\",\"@id\":\"https:\\\/\\\/revitari.com\\\/product\\\/labios\\\/#breadcrumb\",\"itemListElement\":[{\"@type\":\"ListItem\",\"position\":1,\"name\":\"Productos de \u00c1cido Hialur\u00f3nico Revitari\",\"item\":\"https:\\\/\\\/revitari.com\\\/productos-de-acido-hialuronico\\\/\"},{\"@type\":\"ListItem\",\"position\":2,\"name\":\"Labios\"}]},{\"@type\":\"WebSite\",\"@id\":\"https:\\\/\\\/revitari.com\\\/#website\",\"url\":\"https:\\\/\\\/revitari.com\\\/\",\"name\":\"Revitari\",\"description\":\"Aesthetic Dermal Filler\",\"publisher\":{\"@id\":\"https:\\\/\\\/revitari.com\\\/#organization\"},\"potentialAction\":[{\"@type\":\"SearchAction\",\"target\":{\"@type\":\"EntryPoint\",\"urlTemplate\":\"https:\\\/\\\/revitari.com\\\/?s={search_term_string}\"},\"query-input\":{\"@type\":\"PropertyValueSpecification\",\"valueRequired\":true,\"valueName\":\"search_term_string\"}}],\"inLanguage\":\"en-US\"},{\"@type\":\"Organization\",\"@id\":\"https:\\\/\\\/revitari.com\\\/#organization\",\"name\":\"Revitari\",\"url\":\"https:\\\/\\\/revitari.com\\\/\",\"logo\":{\"@type\":\"ImageObject\",\"inLanguage\":\"en-US\",\"@id\":\"https:\\\/\\\/revitari.com\\\/#\\\/schema\\\/logo\\\/image\\\/\",\"url\":\"https:\\\/\\\/revitari.com\\\/wp-content\\\/uploads\\\/2021\\\/06\\\/Revitari_marca-amarillo-1-1.svg\",\"contentUrl\":\"https:\\\/\\\/revitari.com\\\/wp-content\\\/uploads\\\/2021\\\/06\\\/Revitari_marca-amarillo-1-1.svg\",\"width\":115,\"height\":32,\"caption\":\"Revitari\"},\"image\":{\"@id\":\"https:\\\/\\\/revitari.com\\\/#\\\/schema\\\/logo\\\/image\\\/\"},\"sameAs\":[\"https:\\\/\\\/www.facebook.com\\\/revitari.mx\\\/\",\"https:\\\/\\\/www.instagram.com\\\/revitarimx\\\/\"]}]}<\/script>\n<!-- \/ Yoast SEO plugin. -->","yoast_head_json":{"title":"Labios | Revitari","robots":{"index":"index","follow":"follow","max-snippet":"max-snippet:-1","max-image-preview":"max-image-preview:large","max-video-preview":"max-video-preview:-1"},"canonical":"https:\/\/revitari.com\/en\/product\/labios\/","og_locale":"en_US","og_type":"article","og_title":"Labios | Revitari","og_description":"\u00c1cido hialur\u00f3nico con lidoca\u00edna.","og_url":"https:\/\/revitari.com\/en\/product\/labios\/","og_site_name":"Revitari","article_publisher":"https:\/\/www.facebook.com\/revitari.mx\/","article_modified_time":"2023-11-12T04:25:50+00:00","og_image":[{"width":768,"height":932,"url":"https:\/\/revitari.com\/wp-content\/uploads\/2023\/07\/RevitariLabios-768x932-1.jpg","type":"image\/jpeg"}],"twitter_card":"summary_large_image","schema":{"@context":"https:\/\/schema.org","@graph":[{"@type":"WebPage","@id":"https:\/\/revitari.com\/product\/labios\/","url":"https:\/\/revitari.com\/product\/labios\/","name":"Labios | Revitari","isPartOf":{"@id":"https:\/\/revitari.com\/#website"},"primaryImageOfPage":{"@id":"https:\/\/revitari.com\/product\/labios\/#primaryimage"},"image":{"@id":"https:\/\/revitari.com\/product\/labios\/#primaryimage"},"thumbnailUrl":"https:\/\/revitari.com\/wp-content\/uploads\/2023\/07\/RevitariLabios-768x932-1.jpg","datePublished":"2023-07-16T18:20:16+00:00","dateModified":"2023-11-12T04:25:50+00:00","breadcrumb":{"@id":"https:\/\/revitari.com\/product\/labios\/#breadcrumb"},"inLanguage":"en-US","potentialAction":[{"@type":"ReadAction","target":["https:\/\/revitari.com\/product\/labios\/"]}]},{"@type":"ImageObject","inLanguage":"en-US","@id":"https:\/\/revitari.com\/product\/labios\/#primaryimage","url":"https:\/\/revitari.com\/wp-content\/uploads\/2023\/07\/RevitariLabios-768x932-1.jpg","contentUrl":"https:\/\/revitari.com\/wp-content\/uploads\/2023\/07\/RevitariLabios-768x932-1.jpg","width":768,"height":932},{"@type":"BreadcrumbList","@id":"https:\/\/revitari.com\/product\/labios\/#breadcrumb","itemListElement":[{"@type":"ListItem","position":1,"name":"Productos de \u00c1cido Hialur\u00f3nico Revitari","item":"https:\/\/revitari.com\/productos-de-acido-hialuronico\/"},{"@type":"ListItem","position":2,"name":"Labios"}]},{"@type":"WebSite","@id":"https:\/\/revitari.com\/#website","url":"https:\/\/revitari.com\/","name":"Revitari","description":"Aesthetic Dermal Filler","publisher":{"@id":"https:\/\/revitari.com\/#organization"},"potentialAction":[{"@type":"SearchAction","target":{"@type":"EntryPoint","urlTemplate":"https:\/\/revitari.com\/?s={search_term_string}"},"query-input":{"@type":"PropertyValueSpecification","valueRequired":true,"valueName":"search_term_string"}}],"inLanguage":"en-US"},{"@type":"Organization","@id":"https:\/\/revitari.com\/#organization","name":"Revitari","url":"https:\/\/revitari.com\/","logo":{"@type":"ImageObject","inLanguage":"en-US","@id":"https:\/\/revitari.com\/#\/schema\/logo\/image\/","url":"https:\/\/revitari.com\/wp-content\/uploads\/2021\/06\/Revitari_marca-amarillo-1-1.svg","contentUrl":"https:\/\/revitari.com\/wp-content\/uploads\/2021\/06\/Revitari_marca-amarillo-1-1.svg","width":115,"height":32,"caption":"Revitari"},"image":{"@id":"https:\/\/revitari.com\/#\/schema\/logo\/image\/"},"sameAs":["https:\/\/www.facebook.com\/revitari.mx\/","https:\/\/www.instagram.com\/revitarimx\/"]}]}},"_links":{"self":[{"href":"https:\/\/revitari.com\/en\/wp-json\/wp\/v2\/product\/11215","targetHints":{"allow":["GET"]}}],"collection":[{"href":"https:\/\/revitari.com\/en\/wp-json\/wp\/v2\/product"}],"about":[{"href":"https:\/\/revitari.com\/en\/wp-json\/wp\/v2\/types\/product"}],"wp:featuredmedia":[{"embeddable":true,"href":"https:\/\/revitari.com\/en\/wp-json\/wp\/v2\/media\/11969"}],"wp:attachment":[{"href":"https:\/\/revitari.com\/en\/wp-json\/wp\/v2\/media?parent=11215"}],"wp:term":[{"taxonomy":"product_brand","embeddable":true,"href":"https:\/\/revitari.com\/en\/wp-json\/wp\/v2\/product_brand?post=11215"},{"taxonomy":"product_cat","embeddable":true,"href":"https:\/\/revitari.com\/en\/wp-json\/wp\/v2\/product_cat?post=11215"},{"taxonomy":"product_tag","embeddable":true,"href":"https:\/\/revitari.com\/en\/wp-json\/wp\/v2\/product_tag?post=11215"}],"curies":[{"name":"wp","href":"https:\/\/api.w.org\/{rel}","templated":true}]}}